{"id":101,"date":"2011-02-17T17:19:57","date_gmt":"2011-02-17T16:19:57","guid":{"rendered":"http:\/\/wordpress.boris64.net\/?page_id=101"},"modified":"2011-03-29T11:47:33","modified_gmt":"2011-03-29T10:47:33","slug":"oskar-raeumt-auf-2","status":"publish","type":"page","link":"https:\/\/boris64.de\/index.php\/pixmaps\/oskar-raeumt-auf-2\/","title":{"rendered":"Oskar-raeumt-auf"},"content":{"rendered":"<p>Oskar r\u00e4umt auf (Sturm-und-Drang-Zeit):ngg_shortcode_0_placeholder<\/p>\n<p><a title=\"Alben-\u00dcbersicht\" href=\"http:\/\/wordpress.boris64.net\/index.php\/pixmaps\/\">Zur\u00fcck zur \u00dcbersicht<\/a><\/p>\n","protected":false},"excerpt":{"rendered":"<p>Oskar r\u00e4umt auf (Sturm-und-Drang-Zeit): Zur\u00fcck zur \u00dcbersicht<\/p>\n","protected":false},"author":1,"featured_media":0,"parent":67,"menu_order":0,"comment_status":"open","ping_status":"closed","template":"onecolumn-page.php","meta":{"ngg_post_thumbnail":0,"footnotes":""},"class_list":["post-101","page","type-page","status-publish","hentry"],"_links":{"self":[{"href":"https:\/\/boris64.de\/index.php\/wp-json\/wp\/v2\/pages\/101","targetHints":{"allow":["GET"]}}],"collection":[{"href":"https:\/\/boris64.de\/index.php\/wp-json\/wp\/v2\/pages"}],"about":[{"href":"https:\/\/boris64.de\/index.php\/wp-json\/wp\/v2\/types\/page"}],"author":[{"embeddable":true,"href":"https:\/\/boris64.de\/index.php\/wp-json\/wp\/v2\/users\/1"}],"replies":[{"embeddable":true,"href":"https:\/\/boris64.de\/index.php\/wp-json\/wp\/v2\/comments?post=101"}],"version-history":[{"count":6,"href":"https:\/\/boris64.de\/index.php\/wp-json\/wp\/v2\/pages\/101\/revisions"}],"predecessor-version":[{"id":163,"href":"https:\/\/boris64.de\/index.php\/wp-json\/wp\/v2\/pages\/101\/revisions\/163"}],"up":[{"embeddable":true,"href":"https:\/\/boris64.de\/index.php\/wp-json\/wp\/v2\/pages\/67"}],"wp:attachment":[{"href":"https:\/\/boris64.de\/index.php\/wp-json\/wp\/v2\/media?parent=101"}],"curies":[{"name":"wp","href":"https:\/\/api.w.org\/{rel}","templated":true}]}}