{"id":32,"date":"2011-01-28T13:59:10","date_gmt":"2011-01-28T12:59:10","guid":{"rendered":"http:\/\/v20xx.boris64.net\/v20xx\/?page_id=32"},"modified":"2018-04-19T13:37:02","modified_gmt":"2018-04-19T11:37:02","slug":"impressum","status":"publish","type":"page","link":"https:\/\/boris64.de\/index.php\/impressum\/","title":{"rendered":"Impressum"},"content":{"rendered":"<p><strong>Impressum:<\/strong><br \/>\nBoris Cuber<\/p>\n<p><strong>Kontakt:<\/strong><br \/>\n<a href=\"mailto:talk2theclaw@boris64.net\"> talk2theclaw[at]boris64.net<\/a><\/p>\n<p><strong>Haftungsausschluss:<\/strong><br \/>\nIch \u00fcbernehme keinerlei Haftung f\u00fcr das zu h\u00e4ufige\/intensive Angucken dieser Webseite. Jeder hat das Recht seine eigenen Augen zu ruinieren. Ich \u00fcbernehme ebenfalls keine Verantwortung f\u00fcr irgendwelche Inhalte der hier verlinkten Webseiten. Diese entziehen sich meiner Kontrolle. Kann ja nicht alles und jeden hacken.<\/p>\n<p><strong>Copyright:<\/strong><br \/>\nPrivate Bilder auf dieser Seite unterliegen grunds\u00e4tzlich, falls nicht anders vermerkt, meinem pers\u00f6nlichen Urheberrecht. Eine Nutzung oder Vervielf\u00e4ltigung ohne pers\u00f6nliche Erlaubnis ist somit uncool und nicht gestattet.<br \/>\nIhr d\u00fcrft aber gerne fragen.<\/p>\n","protected":false},"excerpt":{"rendered":"<p>Impressum: Boris Cuber Kontakt: talk2theclaw[at]boris64.net Haftungsausschluss: Ich \u00fcbernehme keinerlei Haftung f\u00fcr das zu h\u00e4ufige\/intensive Angucken dieser Webseite. Jeder hat das Recht seine eigenen Augen zu ruinieren. Ich \u00fcbernehme ebenfalls keine Verantwortung f\u00fcr irgendwelche Inhalte der hier verlinkten Webseiten. Diese entziehen &hellip; <a href=\"https:\/\/boris64.de\/index.php\/impressum\/\">Continue reading <span class=\"meta-nav\">&rarr;<\/span><\/a><\/p>\n","protected":false},"author":1,"featured_media":0,"parent":0,"menu_order":99,"comment_status":"closed","ping_status":"closed","template":"","meta":{"ngg_post_thumbnail":0,"footnotes":""},"class_list":["post-32","page","type-page","status-publish","hentry"],"_links":{"self":[{"href":"https:\/\/boris64.de\/index.php\/wp-json\/wp\/v2\/pages\/32","targetHints":{"allow":["GET"]}}],"collection":[{"href":"https:\/\/boris64.de\/index.php\/wp-json\/wp\/v2\/pages"}],"about":[{"href":"https:\/\/boris64.de\/index.php\/wp-json\/wp\/v2\/types\/page"}],"author":[{"embeddable":true,"href":"https:\/\/boris64.de\/index.php\/wp-json\/wp\/v2\/users\/1"}],"replies":[{"embeddable":true,"href":"https:\/\/boris64.de\/index.php\/wp-json\/wp\/v2\/comments?post=32"}],"version-history":[{"count":12,"href":"https:\/\/boris64.de\/index.php\/wp-json\/wp\/v2\/pages\/32\/revisions"}],"predecessor-version":[{"id":363,"href":"https:\/\/boris64.de\/index.php\/wp-json\/wp\/v2\/pages\/32\/revisions\/363"}],"wp:attachment":[{"href":"https:\/\/boris64.de\/index.php\/wp-json\/wp\/v2\/media?parent=32"}],"curies":[{"name":"wp","href":"https:\/\/api.w.org\/{rel}","templated":true}]}}