{"id":99,"date":"2011-02-17T17:14:27","date_gmt":"2011-02-17T16:14:27","guid":{"rendered":"http:\/\/wordpress.boris64.net\/?page_id=99"},"modified":"2011-02-18T15:10:27","modified_gmt":"2011-02-18T14:10:27","slug":"oskar-als-welpe-5","status":"publish","type":"page","link":"https:\/\/boris64.de\/index.php\/pixmaps\/oskar-als-welpe-5\/","title":{"rendered":"Oskar-als-Welpe"},"content":{"rendered":"<p>Oskar als Welpe (~Fr\u00fchjahr 2003):ngg_shortcode_0_placeholder<\/p>\n<p><a title=\"Alben-\u00dcbersicht\" href=\"http:\/\/wordpress.boris64.net\/index.php\/pixmaps\/\">Zur\u00fcck zur \u00dcbersicht<\/a><\/p>\n","protected":false},"excerpt":{"rendered":"<p>Oskar als Welpe (~Fr\u00fchjahr 2003): Zur\u00fcck zur \u00dcbersicht<\/p>\n","protected":false},"author":1,"featured_media":0,"parent":67,"menu_order":0,"comment_status":"open","ping_status":"open","template":"onecolumn-page.php","meta":{"ngg_post_thumbnail":0,"footnotes":""},"class_list":["post-99","page","type-page","status-publish","hentry"],"_links":{"self":[{"href":"https:\/\/boris64.de\/index.php\/wp-json\/wp\/v2\/pages\/99","targetHints":{"allow":["GET"]}}],"collection":[{"href":"https:\/\/boris64.de\/index.php\/wp-json\/wp\/v2\/pages"}],"about":[{"href":"https:\/\/boris64.de\/index.php\/wp-json\/wp\/v2\/types\/page"}],"author":[{"embeddable":true,"href":"https:\/\/boris64.de\/index.php\/wp-json\/wp\/v2\/users\/1"}],"replies":[{"embeddable":true,"href":"https:\/\/boris64.de\/index.php\/wp-json\/wp\/v2\/comments?post=99"}],"version-history":[{"count":7,"href":"https:\/\/boris64.de\/index.php\/wp-json\/wp\/v2\/pages\/99\/revisions"}],"predecessor-version":[{"id":148,"href":"https:\/\/boris64.de\/index.php\/wp-json\/wp\/v2\/pages\/99\/revisions\/148"}],"up":[{"embeddable":true,"href":"https:\/\/boris64.de\/index.php\/wp-json\/wp\/v2\/pages\/67"}],"wp:attachment":[{"href":"https:\/\/boris64.de\/index.php\/wp-json\/wp\/v2\/media?parent=99"}],"curies":[{"name":"wp","href":"https:\/\/api.w.org\/{rel}","templated":true}]}}